{"id":209,"date":"2020-02-12T22:09:19","date_gmt":"2020-02-13T01:09:19","guid":{"rendered":"http:\/\/fluxo.top\/home\/?page_id=209"},"modified":"2020-04-03T13:25:24","modified_gmt":"2020-04-03T16:25:24","slug":"entenda-a-nf-e","status":"publish","type":"page","link":"https:\/\/nf-stockfarma.com.br\/home\/entenda-a-nf-e\/","title":{"rendered":"Entenda a NF-e"},"content":{"rendered":"\t\t<div data-elementor-type=\"wp-page\" data-elementor-id=\"209\" class=\"elementor elementor-209\">\n\t\t\t\t\t\t<section class=\"elementor-section elementor-top-section elementor-element elementor-element-ecd970c elementor-section-boxed elementor-section-height-default elementor-section-height-default\" data-id=\"ecd970c\" data-element_type=\"section\">\n\t\t\t\t\t\t<div class=\"elementor-container elementor-column-gap-default\">\n\t\t\t\t\t<div class=\"elementor-column elementor-col-100 elementor-top-column elementor-element elementor-element-60eb72f\" data-id=\"60eb72f\" data-element_type=\"column\">\n\t\t\t<div class=\"elementor-widget-wrap elementor-element-populated\">\n\t\t\t\t\t\t<div class=\"elementor-element elementor-element-f3fedbf elementor-widget elementor-widget-heading\" data-id=\"f3fedbf\" data-element_type=\"widget\" data-widget_type=\"heading.default\">\n\t\t\t\t<div class=\"elementor-widget-container\">\n\t\t\t\t\t<h2 class=\"elementor-heading-title elementor-size-default\">O que \u00e9 a NF-e ?<\/h2>\t\t\t\t<\/div>\n\t\t\t\t<\/div>\n\t\t\t\t\t<\/div>\n\t\t<\/div>\n\t\t\t\t\t<\/div>\n\t\t<\/section>\n\t\t\t\t<section class=\"elementor-section elementor-top-section elementor-element elementor-element-1cf0a80 elementor-section-boxed elementor-section-height-default elementor-section-height-default\" data-id=\"1cf0a80\" data-element_type=\"section\">\n\t\t\t\t\t\t<div class=\"elementor-container elementor-column-gap-default\">\n\t\t\t\t\t<div class=\"elementor-column elementor-col-50 elementor-top-column elementor-element elementor-element-795eed0\" data-id=\"795eed0\" data-element_type=\"column\">\n\t\t\t<div class=\"elementor-widget-wrap elementor-element-populated\">\n\t\t\t\t\t\t<div class=\"elementor-element elementor-element-0d90b48 elementor-widget elementor-widget-text-editor\" data-id=\"0d90b48\" data-element_type=\"widget\" data-widget_type=\"text-editor.default\">\n\t\t\t\t<div class=\"elementor-widget-container\">\n\t\t\t\t\t\t\t\t\t<p>Podemos conceituar a Nota Fiscal Eletr\u00f4nica como um documento de exist\u00eancia apenas digital, emitido e armazenado eletronicamente, com o intuito de documentar, para fins fiscais, uma opera\u00e7\u00e3o de\u00a0circula\u00e7\u00e3o de mercadorias, ocorrida entre as partes. Sua validade jur\u00eddica \u00e9 garantida pela assinatura digital do remetente (garantia de autoria e de integridade) e recep\u00e7\u00e3o, pelo Fisco, do documento eletr\u00f4nico, antes da ocorr\u00eancia do Fato Gerador.<\/p><p>\u00a0<\/p><p>Os registros fiscais e cont\u00e1beis devem ser feitos, a partir do pr\u00f3prio arquivo da NF-e ou utilizando o DANFE, que representa graficamente a Nota Fiscal Eletr\u00f4nica. A validade e autenticidade do documento eletr\u00f4nico podem ser verificadas no site nacional do projeto\u00a0<a href=\"http:\/\/www.nfe.fazenda.gov.br\/portal\/principal.aspx\">www.nfe.fazenda.gov.br<\/a>\u00a0atrav\u00e9s da chave de acesso contida no DANFE.<\/p>\t\t\t\t\t\t\t\t<\/div>\n\t\t\t\t<\/div>\n\t\t\t\t\t<\/div>\n\t\t<\/div>\n\t\t\t\t<div class=\"elementor-column elementor-col-50 elementor-top-column elementor-element elementor-element-f281b12\" data-id=\"f281b12\" data-element_type=\"column\">\n\t\t\t<div class=\"elementor-widget-wrap elementor-element-populated\">\n\t\t\t\t\t\t<div class=\"elementor-element elementor-element-152530d elementor-widget elementor-widget-image\" data-id=\"152530d\" data-element_type=\"widget\" data-widget_type=\"image.default\">\n\t\t\t\t<div class=\"elementor-widget-container\">\n\t\t\t\t\t\t\t\t\t\t\t\t\t\t\t<img fetchpriority=\"high\" decoding=\"async\" width=\"600\" height=\"300\" src=\"https:\/\/nf-stockfarma.com.br\/home\/wp-content\/uploads\/2020\/04\/padr\u00e3-do-site.jpg\" class=\"attachment-large size-large wp-image-692\" alt=\"\" srcset=\"https:\/\/nf-stockfarma.com.br\/home\/wp-content\/uploads\/2020\/04\/padr\u00e3-do-site.jpg 600w, https:\/\/nf-stockfarma.com.br\/home\/wp-content\/uploads\/2020\/04\/padr\u00e3-do-site-300x150.jpg 300w\" sizes=\"(max-width: 600px) 100vw, 600px\" \/>\t\t\t\t\t\t\t\t\t\t\t\t\t\t\t<\/div>\n\t\t\t\t<\/div>\n\t\t\t\t\t<\/div>\n\t\t<\/div>\n\t\t\t\t\t<\/div>\n\t\t<\/section>\n\t\t\t\t<section class=\"elementor-section elementor-top-section elementor-element elementor-element-eb80910 elementor-section-boxed elementor-section-height-default elementor-section-height-default\" data-id=\"eb80910\" data-element_type=\"section\">\n\t\t\t\t\t\t<div class=\"elementor-container elementor-column-gap-default\">\n\t\t\t\t\t<div class=\"elementor-column elementor-col-100 elementor-top-column elementor-element elementor-element-f18a5af\" data-id=\"f18a5af\" data-element_type=\"column\">\n\t\t\t<div class=\"elementor-widget-wrap elementor-element-populated\">\n\t\t\t\t\t\t<div class=\"elementor-element elementor-element-31fd505 elementor-widget elementor-widget-text-editor\" data-id=\"31fd505\" data-element_type=\"widget\" data-widget_type=\"text-editor.default\">\n\t\t\t\t<div class=\"elementor-widget-container\">\n\t\t\t\t\t\t\t\t\t<p>Para poder utilizar os dados descritos do DANFE na escritura\u00e7\u00e3o da NF-e, tanto o contribuinte destinat\u00e1rio, como o contribuinte emitente, ter\u00e3o de verificar a validade da NF-e. Esta validade est\u00e1 vinculada \u00e0 efetiva exist\u00eancia da NF-e nos arquivos da SEFAZ, e comprovada atrav\u00e9s da emiss\u00e3o da Autoriza\u00e7\u00e3o de Uso.\u00a0O DANFE n\u00e3o \u00e9 uma nota fiscal, nem substitui uma, servindo apenas como instrumento auxiliar para consulta da NF-e no Ambiente Nacional.<\/p><p>Obrigatoriedade da guarda de NF-e<\/p><p>A cl\u00e1usula d\u00e9cima do\u00a0Ajuste SINIEF 07\/05\u00a0determina que o emitente e o destinat\u00e1rio dever\u00e3o manter em arquivo digital as NF-es pelo prazo estabelecido na legisla\u00e7\u00e3o tribut\u00e1ria para a guarda dos documentos fiscais, sendo que caso o destinat\u00e1rio n\u00e3o seja contribuinte credenciado para a emiss\u00e3o de NF-e, alternativamente ao disposto acima dever\u00e1 manter em arquivo o DANFE relativo a NF-e da opera\u00e7\u00e3o.<\/p><p>Devido \u00e0 obrigatoriedade dessa guarda dos arquivos XMLs das NF-es, \u00e9 necess\u00e1rio um Sistema autom\u00e1tico de Gerenciamento e Armazenagem de arquivos XMLs.<\/p>\t\t\t\t\t\t\t\t<\/div>\n\t\t\t\t<\/div>\n\t\t\t\t\t<\/div>\n\t\t<\/div>\n\t\t\t\t\t<\/div>\n\t\t<\/section>\n\t\t\t\t<\/div>\n\t\t","protected":false},"excerpt":{"rendered":"<p>O que \u00e9 a NF-e ? Podemos conceituar a Nota Fiscal Eletr\u00f4nica como um documento de exist\u00eancia apenas digital, emitido e armazenado eletronicamente, com o intuito de documentar, para fins fiscais, uma opera\u00e7\u00e3o de\u00a0circula\u00e7\u00e3o de mercadorias, ocorrida entre as partes. Sua validade jur\u00eddica \u00e9 garantida pela assinatura digital do remetente (garantia de autoria e de &hellip;<\/p>\n<p class=\"read-more\"> <a class=\"\" href=\"https:\/\/nf-stockfarma.com.br\/home\/entenda-a-nf-e\/\"> <span class=\"screen-reader-text\">Entenda a NF-e<\/span> Leia mais &raquo;<\/a><\/p>\n","protected":false},"author":2,"featured_media":210,"parent":0,"menu_order":0,"comment_status":"closed","ping_status":"closed","template":"elementor_header_footer","meta":{"site-sidebar-layout":"default","site-content-layout":"","ast-site-content-layout":"","site-content-style":"default","site-sidebar-style":"default","ast-global-header-display":"","ast-banner-title-visibility":"","ast-main-header-display":"","ast-hfb-above-header-display":"","ast-hfb-below-header-display":"","ast-hfb-mobile-header-display":"","site-post-title":"","ast-breadcrumbs-content":"","ast-featured-img":"","footer-sml-layout":"","theme-transparent-header-meta":"","adv-header-id-meta":"","stick-header-meta":"","header-above-stick-meta":"","header-main-stick-meta":"","header-below-stick-meta":"","astra-migrate-meta-layouts":"","ast-page-background-enabled":"default","ast-page-background-meta":{"desktop":{"background-color":"var(--ast-global-color-4)","background-image":"","background-repeat":"repeat","background-position":"center center","background-size":"auto","background-attachment":"scroll","background-type":"","background-media":"","overlay-type":"","overlay-color":"","overlay-gradient":""},"tablet":{"background-color":"","background-image":"","background-repeat":"repeat","background-position":"center center","background-size":"auto","background-attachment":"scroll","background-type":"","background-media":"","overlay-type":"","overlay-color":"","overlay-gradient":""},"mobile":{"background-color":"","background-image":"","background-repeat":"repeat","background-position":"center center","background-size":"auto","background-attachment":"scroll","background-type":"","background-media":"","overlay-type":"","overlay-color":"","overlay-gradient":""}},"ast-content-background-meta":{"desktop":{"background-color":"var(--ast-global-color-5)","background-image":"","background-repeat":"repeat","background-position":"center center","background-size":"auto","background-attachment":"scroll","background-type":"","background-media":"","overlay-type":"","overlay-color":"","overlay-gradient":""},"tablet":{"background-color":"var(--ast-global-color-5)","background-image":"","background-repeat":"repeat","background-position":"center center","background-size":"auto","background-attachment":"scroll","background-type":"","background-media":"","overlay-type":"","overlay-color":"","overlay-gradient":""},"mobile":{"background-color":"var(--ast-global-color-5)","background-image":"","background-repeat":"repeat","background-position":"center center","background-size":"auto","background-attachment":"scroll","background-type":"","background-media":"","overlay-type":"","overlay-color":"","overlay-gradient":""}},"footnotes":""},"_links":{"self":[{"href":"https:\/\/nf-stockfarma.com.br\/home\/wp-json\/wp\/v2\/pages\/209"}],"collection":[{"href":"https:\/\/nf-stockfarma.com.br\/home\/wp-json\/wp\/v2\/pages"}],"about":[{"href":"https:\/\/nf-stockfarma.com.br\/home\/wp-json\/wp\/v2\/types\/page"}],"author":[{"embeddable":true,"href":"https:\/\/nf-stockfarma.com.br\/home\/wp-json\/wp\/v2\/users\/2"}],"replies":[{"embeddable":true,"href":"https:\/\/nf-stockfarma.com.br\/home\/wp-json\/wp\/v2\/comments?post=209"}],"version-history":[{"count":9,"href":"https:\/\/nf-stockfarma.com.br\/home\/wp-json\/wp\/v2\/pages\/209\/revisions"}],"predecessor-version":[{"id":704,"href":"https:\/\/nf-stockfarma.com.br\/home\/wp-json\/wp\/v2\/pages\/209\/revisions\/704"}],"wp:featuredmedia":[{"embeddable":true,"href":"https:\/\/nf-stockfarma.com.br\/home\/wp-json\/wp\/v2\/media\/210"}],"wp:attachment":[{"href":"https:\/\/nf-stockfarma.com.br\/home\/wp-json\/wp\/v2\/media?parent=209"}],"curies":[{"name":"wp","href":"https:\/\/api.w.org\/{rel}","templated":true}]}}