{"id":21,"date":"2020-02-12T12:50:17","date_gmt":"2020-02-12T15:50:17","guid":{"rendered":"http:\/\/fluxo.top\/home\/?page_id=21"},"modified":"2020-02-20T16:36:59","modified_gmt":"2020-02-20T19:36:59","slug":"armazene-seus-arquivos-de-nf-e","status":"publish","type":"page","link":"https:\/\/nf-stockfarma.com.br\/home\/armazene-seus-arquivos-de-nf-e\/","title":{"rendered":"Armazene seus arquivos de NF-E"},"content":{"rendered":"\t\t<div data-elementor-type=\"wp-post\" data-elementor-id=\"21\" class=\"elementor elementor-21\">\n\t\t\t\t\t\t<section class=\"elementor-section elementor-top-section elementor-element elementor-element-0a9be43 elementor-section-boxed elementor-section-height-default elementor-section-height-default\" data-id=\"0a9be43\" data-element_type=\"section\">\n\t\t\t\t\t\t<div class=\"elementor-container elementor-column-gap-default\">\n\t\t\t\t\t<div class=\"elementor-column elementor-col-100 elementor-top-column elementor-element elementor-element-9674854\" data-id=\"9674854\" data-element_type=\"column\">\n\t\t\t<div class=\"elementor-widget-wrap elementor-element-populated\">\n\t\t\t\t\t\t<div class=\"elementor-element elementor-element-cdd544a elementor-widget elementor-widget-heading\" data-id=\"cdd544a\" data-element_type=\"widget\" data-widget_type=\"heading.default\">\n\t\t\t\t<div class=\"elementor-widget-container\">\n\t\t\t\t\t<h2 class=\"elementor-heading-title elementor-size-default\">Armazene seus arquivos de NF-E<\/h2>\t\t\t\t<\/div>\n\t\t\t\t<\/div>\n\t\t\t\t\t<\/div>\n\t\t<\/div>\n\t\t\t\t\t<\/div>\n\t\t<\/section>\n\t\t\t\t<section class=\"elementor-section elementor-top-section elementor-element elementor-element-71db165 elementor-section-boxed elementor-section-height-default elementor-section-height-default\" data-id=\"71db165\" data-element_type=\"section\">\n\t\t\t\t\t\t<div class=\"elementor-container elementor-column-gap-default\">\n\t\t\t\t\t<div class=\"elementor-column elementor-col-50 elementor-top-column elementor-element elementor-element-fe9b848\" data-id=\"fe9b848\" data-element_type=\"column\">\n\t\t\t<div class=\"elementor-widget-wrap elementor-element-populated\">\n\t\t\t\t\t\t<div class=\"elementor-element elementor-element-0825c09 elementor-widget elementor-widget-text-editor\" data-id=\"0825c09\" data-element_type=\"widget\" data-widget_type=\"text-editor.default\">\n\t\t\t\t<div class=\"elementor-widget-container\">\n\t\t\t\t\t\t\t\t\t<h3>Disponibilizamos em uma s\u00f3 ferramenta<\/h3><p><span class=\"hidden-tablet hidden-phone\">Nosso sistema realiza o armazenamento e gerenciamento de arquivos XML de Notas Fiscais Eletr\u00f4nicas emitidas ou recebidas:<\/span><\/p><ul><li>Envio da NF-e para o cliente e\/ou para a transportadora por e-mail;<\/li><li>Disponibiliza\u00e7\u00e3o dos arquivos XML, de maneira autom\u00e1tica, para os destinat\u00e1rios de\u00a0 NF-e;<\/li><li>Gerenciamento e visualiza\u00e7\u00e3o das NF-e\u00a0 emitidas e recebidas;<\/li><li>Administra\u00e7\u00e3o do cadastro de destinat\u00e1rios de Nf-e, clientes, transportadoras, contadores e outros afins;Envio do XML em lotes para integra\u00e7\u00e3o em sistemas financeiros e cont\u00e1beis;<\/li><li>Relat\u00f3rios de tr\u00e1fego e an\u00e1lise de valida\u00e7\u00e3o dos dados cadastrais;<\/li><\/ul>\t\t\t\t\t\t\t\t<\/div>\n\t\t\t\t<\/div>\n\t\t\t\t\t<\/div>\n\t\t<\/div>\n\t\t\t\t<div class=\"elementor-column elementor-col-50 elementor-top-column elementor-element elementor-element-bb07c46\" data-id=\"bb07c46\" data-element_type=\"column\">\n\t\t\t<div class=\"elementor-widget-wrap elementor-element-populated\">\n\t\t\t\t\t\t<div class=\"elementor-element elementor-element-c9f1cef elementor-widget elementor-widget-image\" data-id=\"c9f1cef\" data-element_type=\"widget\" data-widget_type=\"image.default\">\n\t\t\t\t<div class=\"elementor-widget-container\">\n\t\t\t\t\t\t\t\t\t\t\t\t\t\t\t<img fetchpriority=\"high\" decoding=\"async\" width=\"600\" height=\"300\" src=\"https:\/\/nf-stockfarma.com.br\/home\/wp-content\/uploads\/2020\/02\/nfe-cjpnet.jpg\" class=\"attachment-medium_large size-medium_large wp-image-199\" alt=\"\" srcset=\"https:\/\/nf-stockfarma.com.br\/home\/wp-content\/uploads\/2020\/02\/nfe-cjpnet.jpg 600w, https:\/\/nf-stockfarma.com.br\/home\/wp-content\/uploads\/2020\/02\/nfe-cjpnet-300x150.jpg 300w\" sizes=\"(max-width: 600px) 100vw, 600px\" \/>\t\t\t\t\t\t\t\t\t\t\t\t\t\t\t<\/div>\n\t\t\t\t<\/div>\n\t\t\t\t\t<\/div>\n\t\t<\/div>\n\t\t\t\t\t<\/div>\n\t\t<\/section>\n\t\t\t\t<section class=\"elementor-section elementor-top-section elementor-element elementor-element-889a57d elementor-section-boxed elementor-section-height-default elementor-section-height-default\" data-id=\"889a57d\" data-element_type=\"section\">\n\t\t\t\t\t\t<div class=\"elementor-container elementor-column-gap-default\">\n\t\t\t\t\t<div class=\"elementor-column elementor-col-50 elementor-top-column elementor-element elementor-element-2a1f354\" data-id=\"2a1f354\" data-element_type=\"column\">\n\t\t\t<div class=\"elementor-widget-wrap elementor-element-populated\">\n\t\t\t\t\t\t<div class=\"elementor-element elementor-element-f1c8dd0 elementor-widget elementor-widget-image\" data-id=\"f1c8dd0\" data-element_type=\"widget\" data-widget_type=\"image.default\">\n\t\t\t\t<div class=\"elementor-widget-container\">\n\t\t\t\t\t\t\t\t\t\t\t\t\t\t\t<img decoding=\"async\" width=\"600\" height=\"300\" src=\"https:\/\/nf-stockfarma.com.br\/home\/wp-content\/uploads\/2020\/02\/nfe-cjp.jpg\" class=\"attachment-large size-large wp-image-23\" alt=\"\" srcset=\"https:\/\/nf-stockfarma.com.br\/home\/wp-content\/uploads\/2020\/02\/nfe-cjp.jpg 600w, https:\/\/nf-stockfarma.com.br\/home\/wp-content\/uploads\/2020\/02\/nfe-cjp-300x150.jpg 300w\" sizes=\"(max-width: 600px) 100vw, 600px\" \/>\t\t\t\t\t\t\t\t\t\t\t\t\t\t\t<\/div>\n\t\t\t\t<\/div>\n\t\t\t\t\t<\/div>\n\t\t<\/div>\n\t\t\t\t<div class=\"elementor-column elementor-col-50 elementor-top-column elementor-element elementor-element-f13ad2a\" data-id=\"f13ad2a\" data-element_type=\"column\">\n\t\t\t<div class=\"elementor-widget-wrap elementor-element-populated\">\n\t\t\t\t\t\t<div class=\"elementor-element elementor-element-832890b elementor-widget elementor-widget-text-editor\" data-id=\"832890b\" data-element_type=\"widget\" data-widget_type=\"text-editor.default\">\n\t\t\t\t<div class=\"elementor-widget-container\">\n\t\t\t\t\t\t\t\t\t<h3>Al\u00e9m disso no Gerenciamento de Nf-e voc\u00ea encontra:<\/h3><ul><li>Replica\u00e7\u00e3o de Backup \/ C\u00f3pia de seguran\u00e7a para mais dois servidores;<\/li><li>Armazenamento Digital seguro em Data Center de alta disponibilidade;<\/li><li><span class=\"hidden-tablet hidden-phone\">Atende completamente as exig\u00eancias da lei quanto a envio e disponibilidade dos arquivos XML aos clientes;<\/span><\/li><li>As fun\u00e7\u00f5es dispon\u00edveis podem ser configuradas como P\u00fablicas ou Restritas:<\/li><\/ul><p><span class=\"hidden-tablet hidden-phone\"><strong>*<\/strong>S\u00e3o configuradas para acesso p\u00fablico quando desejamos permitir que seus clientes acessem sem efetuar login;<\/span><\/p>\t\t\t\t\t\t\t\t<\/div>\n\t\t\t\t<\/div>\n\t\t\t\t\t<\/div>\n\t\t<\/div>\n\t\t\t\t\t<\/div>\n\t\t<\/section>\n\t\t\t\t<section class=\"elementor-section elementor-top-section elementor-element elementor-element-877ffaa elementor-section-boxed elementor-section-height-default elementor-section-height-default\" data-id=\"877ffaa\" data-element_type=\"section\">\n\t\t\t\t\t\t<div class=\"elementor-container elementor-column-gap-default\">\n\t\t\t\t\t<div class=\"elementor-column elementor-col-100 elementor-top-column elementor-element elementor-element-0fbd0cf\" data-id=\"0fbd0cf\" data-element_type=\"column\">\n\t\t\t<div class=\"elementor-widget-wrap elementor-element-populated\">\n\t\t\t\t\t\t<div class=\"elementor-element elementor-element-4318e19 elementor-widget elementor-widget-text-editor\" data-id=\"4318e19\" data-element_type=\"widget\" data-widget_type=\"text-editor.default\">\n\t\t\t\t<div class=\"elementor-widget-container\">\n\t\t\t\t\t\t\t\t\t<h5>\u00a0 Nossos servidores est\u00e3o em uma infraestrutura com padr\u00f5es internacionais de seguran\u00e7a. Ao se tornar um cliente voc\u00ea passa a ter todas as garantias\u00a0de funcionamento,<br \/>\u00a0 acesso e backup que propicia alta disponibilidade da informa\u00e7\u00e3o.<\/h5>\t\t\t\t\t\t\t\t<\/div>\n\t\t\t\t<\/div>\n\t\t\t\t\t<\/div>\n\t\t<\/div>\n\t\t\t\t\t<\/div>\n\t\t<\/section>\n\t\t\t\t<\/div>\n\t\t","protected":false},"excerpt":{"rendered":"<p>Armazene seus arquivos de NF-E Disponibilizamos em uma s\u00f3 ferramenta Nosso sistema realiza o armazenamento e gerenciamento de arquivos XML de Notas Fiscais Eletr\u00f4nicas emitidas ou recebidas: Envio da NF-e para o cliente e\/ou para a transportadora por e-mail; Disponibiliza\u00e7\u00e3o dos arquivos XML, de maneira autom\u00e1tica, para os destinat\u00e1rios de&nbsp; NF-e; Gerenciamento e visualiza\u00e7\u00e3o das &hellip;<\/p>\n<p class=\"read-more\"> <a class=\"\" href=\"https:\/\/nf-stockfarma.com.br\/home\/armazene-seus-arquivos-de-nf-e\/\"> <span class=\"screen-reader-text\">Armazene seus arquivos de NF-E<\/span> Leia mais &raquo;<\/a><\/p>\n","protected":false},"author":2,"featured_media":199,"parent":0,"menu_order":0,"comment_status":"closed","ping_status":"closed","template":"elementor_header_footer","meta":{"site-sidebar-layout":"default","site-content-layout":"","ast-site-content-layout":"","site-content-style":"default","site-sidebar-style":"default","ast-global-header-display":"","ast-banner-title-visibility":"","ast-main-header-display":"","ast-hfb-above-header-display":"","ast-hfb-below-header-display":"","ast-hfb-mobile-header-display":"","site-post-title":"","ast-breadcrumbs-content":"","ast-featured-img":"","footer-sml-layout":"","theme-transparent-header-meta":"","adv-header-id-meta":"","stick-header-meta":"","header-above-stick-meta":"","header-main-stick-meta":"","header-below-stick-meta":"","astra-migrate-meta-layouts":"","ast-page-background-enabled":"default","ast-page-background-meta":{"desktop":{"background-color":"var(--ast-global-color-4)","background-image":"","background-repeat":"repeat","background-position":"center center","background-size":"auto","background-attachment":"scroll","background-type":"","background-media":"","overlay-type":"","overlay-color":"","overlay-gradient":""},"tablet":{"background-color":"","background-image":"","background-repeat":"repeat","background-position":"center center","background-size":"auto","background-attachment":"scroll","background-type":"","background-media":"","overlay-type":"","overlay-color":"","overlay-gradient":""},"mobile":{"background-color":"","background-image":"","background-repeat":"repeat","background-position":"center center","background-size":"auto","background-attachment":"scroll","background-type":"","background-media":"","overlay-type":"","overlay-color":"","overlay-gradient":""}},"ast-content-background-meta":{"desktop":{"background-color":"var(--ast-global-color-5)","background-image":"","background-repeat":"repeat","background-position":"center center","background-size":"auto","background-attachment":"scroll","background-type":"","background-media":"","overlay-type":"","overlay-color":"","overlay-gradient":""},"tablet":{"background-color":"var(--ast-global-color-5)","background-image":"","background-repeat":"repeat","background-position":"center center","background-size":"auto","background-attachment":"scroll","background-type":"","background-media":"","overlay-type":"","overlay-color":"","overlay-gradient":""},"mobile":{"background-color":"var(--ast-global-color-5)","background-image":"","background-repeat":"repeat","background-position":"center center","background-size":"auto","background-attachment":"scroll","background-type":"","background-media":"","overlay-type":"","overlay-color":"","overlay-gradient":""}},"footnotes":""},"_links":{"self":[{"href":"https:\/\/nf-stockfarma.com.br\/home\/wp-json\/wp\/v2\/pages\/21"}],"collection":[{"href":"https:\/\/nf-stockfarma.com.br\/home\/wp-json\/wp\/v2\/pages"}],"about":[{"href":"https:\/\/nf-stockfarma.com.br\/home\/wp-json\/wp\/v2\/types\/page"}],"author":[{"embeddable":true,"href":"https:\/\/nf-stockfarma.com.br\/home\/wp-json\/wp\/v2\/users\/2"}],"replies":[{"embeddable":true,"href":"https:\/\/nf-stockfarma.com.br\/home\/wp-json\/wp\/v2\/comments?post=21"}],"version-history":[{"count":8,"href":"https:\/\/nf-stockfarma.com.br\/home\/wp-json\/wp\/v2\/pages\/21\/revisions"}],"predecessor-version":[{"id":499,"href":"https:\/\/nf-stockfarma.com.br\/home\/wp-json\/wp\/v2\/pages\/21\/revisions\/499"}],"wp:featuredmedia":[{"embeddable":true,"href":"https:\/\/nf-stockfarma.com.br\/home\/wp-json\/wp\/v2\/media\/199"}],"wp:attachment":[{"href":"https:\/\/nf-stockfarma.com.br\/home\/wp-json\/wp\/v2\/media?parent=21"}],"curies":[{"name":"wp","href":"https:\/\/api.w.org\/{rel}","templated":true}]}}